{"id":5915,"date":"2022-03-22T18:33:19","date_gmt":"2022-03-22T18:33:19","guid":{"rendered":"https:\/\/erection.unicoderbd.com\/dark\/?page_id=5484"},"modified":"2022-11-10T14:14:43","modified_gmt":"2022-11-10T14:14:43","slug":"contact","status":"publish","type":"page","link":"https:\/\/www.alnaqelcon.mr\/fr\/contact\/","title":{"rendered":"Contact"},"content":{"rendered":"<div class=\"vc_row wpb_row vc_row-fluid vc_custom_1639164695189\"><div class=\"wpb_column vc_column_container vc_col-sm-4\"><div class=\"vc_column-inner\"><div class=\"wpb_wrapper\">\n\n<div class=\"custom\" >\t<div class=\"entry-wrapper  vc_custom_1667499125296 bg-secondary d-flex flex-column text-center justify-content-center align-items-center text-general\">\n\t\t<div class=\"entry-thumbnail-wrapper\">\n\t\t\t\t\t\t<div id=\"icon-46808\" class=\"icon-font position-relative flex-shrink-0 bg-primary mb-20\">\n\t\t\t\t<i class=\"flaticon-email  flat-30 text-dark d-inline-block position-absolute xy-center\" aria-hidden=\"true\"><\/i>\t\t\t<\/div>\n\t\t\t\t\t\t\t\t<\/div>\n\t\t<div class=\"entry-content-wrapper\">\n\t\t\t<div class=\"entry-header\">\n\t\t\t\t\t\t\t\t\t\t\t\t<h4 class=\"entry-title text-white mb-3\">Adresse e-mail <\/h4>\t\t\t\t\t\t\t<\/div>\n\t\t\t<div class=\"entry-content\">\n\t\t\t\t<p>info@alnaqelcon.mr<\/p>\n\t\t\t<\/div>\n\t\t\t<div class=\"entry-footer\">\n\t\t\t\t\t\t\t<\/div>\n\t\t<\/div>\n\t<\/div>\n<\/div><\/div><\/div><\/div><div class=\"wpb_column vc_column_container vc_col-sm-4\"><div class=\"vc_column-inner\"><div class=\"wpb_wrapper\">\n\n<div class=\"custom\" >\t<div class=\"entry-wrapper  vc_custom_1667499115266 bg-secondary d-flex flex-column text-center justify-content-center align-items-center text-general\">\n\t\t<div class=\"entry-thumbnail-wrapper\">\n\t\t\t\t\t\t<div id=\"icon-88616\" class=\"icon-font position-relative flex-shrink-0 bg-primary mb-20\">\n\t\t\t\t<i class=\"flaticon-phone-call  flat-30 text-dark d-inline-block position-absolute xy-center\" aria-hidden=\"true\"><\/i>\t\t\t<\/div>\n\t\t\t\t\t\t\t\t<\/div>\n\t\t<div class=\"entry-content-wrapper\">\n\t\t\t<div class=\"entry-header\">\n\t\t\t\t\t\t\t\t\t\t\t\t<h4 class=\"entry-title text-white mb-3\">N\u00b0 de t\u00e9l\u00e9phone <\/h4>\t\t\t\t\t\t\t<\/div>\n\t\t\t<div class=\"entry-content\">\n\t\t\t\t<p>+222 45 29 33 59<\/p>\n\t\t\t<\/div>\n\t\t\t<div class=\"entry-footer\">\n\t\t\t\t\t\t\t<\/div>\n\t\t<\/div>\n\t<\/div>\n<\/div><\/div><\/div><\/div><div class=\"wpb_column vc_column_container vc_col-sm-4\"><div class=\"vc_column-inner\"><div class=\"wpb_wrapper\">\n\n<div class=\"custom\" >\t<div class=\"entry-wrapper  vc_custom_1667499186396 bg-secondary d-flex flex-column text-center justify-content-center align-items-center text-general\">\n\t\t<div class=\"entry-thumbnail-wrapper\">\n\t\t\t\t\t\t<div id=\"icon-54813\" class=\"icon-font position-relative flex-shrink-0 bg-primary mb-20\">\n\t\t\t\t<i class=\"flaticon-placeholder  flat-30 text-dark d-inline-block position-absolute xy-center\" aria-hidden=\"true\"><\/i>\t\t\t<\/div>\n\t\t\t\t\t\t\t\t<\/div>\n\t\t<div class=\"entry-content-wrapper\">\n\t\t\t<div class=\"entry-header\">\n\t\t\t\t\t\t\t\t\t\t\t\t<h4 class=\"entry-title text-white mb-3\">Localisation <\/h4>\t\t\t\t\t\t\t<\/div>\n\t\t\t<div class=\"entry-content\">\n\t\t\t\t<div class=\"U2Qymb\" role=\"dialog\" aria-label=\"\u0637\u0631\u064a\u0642 \u0635\u0643\u0648\u0643\">\n<div class=\"bLNnBd\">Nouakchott, Mauritania ,Tevragh-zeina<\/div>\n<\/div>\n<div><\/div>\n\t\t\t<\/div>\n\t\t\t<div class=\"entry-footer\">\n\t\t\t\t\t\t\t<\/div>\n\t\t<\/div>\n\t<\/div>\n<\/div><\/div><\/div><\/div><\/div><div class=\"vc_row wpb_row vc_row-fluid vc_custom_1648180508489\"><div class=\"wpb_column vc_column_container vc_col-sm-12 vc_col-lg-6 vc_col-md-6 vc_col-has-fill\"><div class=\"vc_column-inner vc_custom_1648180267065\"><div class=\"wpb_wrapper\"> <div class=\"row\">\n\t<div class=\"col-lg-12\">\n<h4 class=\"text-white mb-20 down-line\">Contactez-nous <\/h4>\t<\/div>\n<\/div>\n <div class=\"row\">\n\t<div class=\"\">\n<span class=\"sub-title text-white mb-30\">Contactez-nous pour toutes vos questions et opinions, ou vous pouvez r\u00e9soudre vos probl\u00e8mes gr\u00e2ce au centre d'assistance et aux experts. <\/span>\t<\/div>\n<\/div>\n\n<div class=\"wpcf7 no-js\" id=\"wpcf7-f5702-o1\" lang=\"en-US\" dir=\"ltr\" data-wpcf7-id=\"5702\">\n<div class=\"screen-reader-response\"><p role=\"status\" aria-live=\"polite\" aria-atomic=\"true\"><\/p> <ul><\/ul><\/div>\n<form action=\"\/fr\/wp-json\/wp\/v2\/pages\/5915#wpcf7-f5702-o1\" method=\"post\" class=\"wpcf7-form init\" aria-label=\"Contact form\" novalidate=\"novalidate\" data-status=\"init\" data-trp-original-action=\"\/fr\/wp-json\/wp\/v2\/pages\/5915#wpcf7-f5702-o1\">\n<fieldset class=\"hidden-fields-container\"><input type=\"hidden\" name=\"_wpcf7\" value=\"5702\" \/><input type=\"hidden\" name=\"_wpcf7_version\" value=\"6.1.5\" \/><input type=\"hidden\" name=\"_wpcf7_locale\" value=\"en_US\" \/><input type=\"hidden\" name=\"_wpcf7_unit_tag\" value=\"wpcf7-f5702-o1\" \/><input type=\"hidden\" name=\"_wpcf7_container_post\" value=\"0\" \/><input type=\"hidden\" name=\"_wpcf7_posted_data_hash\" value=\"\" \/>\n<\/fieldset>\n<div class=\"row g-3\">\n\t<div class=\"col-md-6\">\n\t\t<p><label>Nom complet :<\/label><br \/>\n<span class=\"wpcf7-form-control-wrap\" data-name=\"text-158\"><input size=\"40\" maxlength=\"400\" class=\"wpcf7-form-control wpcf7-text wpcf7-validates-as-required form-control bg-white\" aria-required=\"true\" aria-invalid=\"false\" value=\"\" type=\"text\" name=\"text-158\" \/><\/span>\n\t\t<\/p>\n\t<\/div>\n\t<div class=\"col-md-6\">\n\t\t<p><label>Votre e-mail :<\/label><br \/>\n<span class=\"wpcf7-form-control-wrap\" data-name=\"email-420\"><input size=\"40\" maxlength=\"400\" class=\"wpcf7-form-control wpcf7-email wpcf7-validates-as-required wpcf7-text wpcf7-validates-as-email form-control bg-white\" aria-required=\"true\" aria-invalid=\"false\" value=\"\" type=\"email\" name=\"email-420\" \/><\/span>\n\t\t<\/p>\n\t<\/div>\n\t<div class=\"col-md-12\">\n\t\t<p><label>Votre sujet :<\/label><br \/>\n<span class=\"wpcf7-form-control-wrap\" data-name=\"text-904\"><input size=\"40\" maxlength=\"400\" class=\"wpcf7-form-control wpcf7-text wpcf7-validates-as-required form-control bg-white\" aria-required=\"true\" aria-invalid=\"false\" value=\"\" type=\"text\" name=\"text-904\" \/><\/span>\n\t\t<\/p>\n\t<\/div>\n\t<div class=\"col-md-12\">\n\t\t<p><label>Message:<\/label><br \/>\n<span class=\"wpcf7-form-control-wrap\" data-name=\"textarea-598\"><textarea cols=\"40\" rows=\"8\" maxlength=\"2000\" class=\"wpcf7-form-control wpcf7-textarea wpcf7-validates-as-required form-control bg-white\" aria-required=\"true\" aria-invalid=\"false\" name=\"textarea-598\"><\/textarea><\/span>\n\t\t<\/p>\n\t<\/div>\n\t<div class=\"col-md-12\">\n\t\t<p><input class=\"wpcf7-form-control wpcf7-submit has-spinner btn-primary-filter d-table btn-solid text-dark mr-auto btn btn-box\" type=\"submit\" value=\"Envoyer le message\" \/>\n\t\t<\/p>\n\t<\/div>\n<\/div><div class=\"wpcf7-response-output\" aria-hidden=\"true\"><\/div>\n<input type=\"hidden\" name=\"trp-form-language\" value=\"fr\"\/><\/form>\n<\/div>\n<\/div><\/div><\/div><div class=\"wpb_column vc_column_container vc_col-sm-12 vc_col-lg-offset-1 vc_col-lg-5 vc_col-md-offset-1 vc_col-md-5\"><div class=\"vc_column-inner vc_custom_1639167250310\"><div class=\"wpb_wrapper\"> <div class=\"row\">\n\t<div class=\"col-lg-12\">\n<h5 class=\"text-white mb-30\">Contactez-nous pour toutes vos questions et opinions, ou vous pouvez r\u00e9soudre vos probl\u00e8mes en un temps plus court avec nos bureaux de contact. <\/h5>\t<\/div>\n<\/div>\n\n\t<div class=\"wpb_text_column wpb_content_element\" >\n\t\t<div class=\"wpb_wrapper\">\n\t\t\t<p>Nam maximus nunc a augue pulvinar, non euismod mauris tempus. Cras non elit vel magna molestie pellentesque in eu dui. Donec laoreet quis erat vitae finibus.<\/p>\n\n\t\t<\/div>\n\t<\/div>\n\n\t<div  class=\"wpb_single_image wpb_content_element vc_align_left\">\n\t\t\n\t\t<figure class=\"wpb_wrapper vc_figure\">\n\t\t\t<div class=\"vc_single_image-wrapper   vc_box_border_grey\"><img loading=\"lazy\" decoding=\"async\" width=\"1920\" height=\"1280\" src=\"https:\/\/www.alnaqelcon.mr\/wp-content\/uploads\/2022\/10\/ABOUT.jpg\" class=\"vc_single_image-img attachment-full\" alt=\"\" title=\"ABOUT\" srcset=\"https:\/\/www.alnaqelcon.mr\/wp-content\/uploads\/2022\/10\/ABOUT.jpg 1920w, https:\/\/www.alnaqelcon.mr\/wp-content\/uploads\/2022\/10\/ABOUT-300x200.jpg 300w, https:\/\/www.alnaqelcon.mr\/wp-content\/uploads\/2022\/10\/ABOUT-1024x683.jpg 1024w, https:\/\/www.alnaqelcon.mr\/wp-content\/uploads\/2022\/10\/ABOUT-768x512.jpg 768w, https:\/\/www.alnaqelcon.mr\/wp-content\/uploads\/2022\/10\/ABOUT-1536x1024.jpg 1536w, https:\/\/www.alnaqelcon.mr\/wp-content\/uploads\/2022\/10\/ABOUT-1200x800.jpg 1200w, https:\/\/www.alnaqelcon.mr\/wp-content\/uploads\/2022\/10\/ABOUT-600x400.jpg 600w\" sizes=\"auto, (max-width: 1920px) 100vw, 1920px\" \/><\/div>\n\t\t<\/figure>\n\t<\/div>\n<\/div><\/div><\/div><\/div><div data-vc-full-width=\"true\" data-vc-full-width-init=\"false\" data-vc-stretch-content=\"true\" class=\"vc_row wpb_row vc_row-fluid vc_custom_1651049702027\"><div class=\"wpb_column vc_column_container vc_col-sm-12\"><div class=\"vc_column-inner\"><div class=\"wpb_wrapper\"><div class=\"wpb_gmaps_widget wpb_content_element\"><div class=\"wpb_wrapper\"><div class=\"wpb_map_wraper\"><iframe src=\"https:\/\/www.google.com\/maps\/embed?pb=!1m18!1m12!1m3!1d947.9543214018286!2d-15.979117770768235!3d18.1262269737779!2m3!1f0!2f0!3f0!3m2!1i1024!2i768!4f13.1!3m3!1m2!1s0xe964ddb32edc3e1%3A0x830db0dab11ce70b!2sAL%20NAQEL!5e0!3m2!1sfr!2sus!4v1667496494494!5m2!1sfr!2sus\" width=\"600\" height=\"450\" style=\"border:0;\" allowfullscreen=\"\" loading=\"lazy\" referrerpolicy=\"no-referrer-when-downgrade\"><\/iframe><\/div><\/div><\/div><\/div><\/div><\/div><\/div><div class=\"vc_row-full-width vc_clearfix\"><\/div>","protected":false},"excerpt":{"rendered":"Office Email Address info@alnaqelcon.mr Phone Number +222 45 29 33 59 Office Location Nouakchott, Mauritania ,Tevragh-zeina Get in Touch Contact us for all your questions and opinions, or you can solve your problems from support center and expert. Full Name: Your Email: Your Subject: Message: Contact us for all your questions and opinions, or you [...]","protected":false},"author":1,"featured_media":0,"parent":0,"menu_order":0,"comment_status":"closed","ping_status":"closed","template":"","meta":{"footnotes":""},"class_list":["post-5915","page","type-page","status-publish","hentry"],"_links":{"self":[{"href":"https:\/\/www.alnaqelcon.mr\/fr\/wp-json\/wp\/v2\/pages\/5915","targetHints":{"allow":["GET"]}}],"collection":[{"href":"https:\/\/www.alnaqelcon.mr\/fr\/wp-json\/wp\/v2\/pages"}],"about":[{"href":"https:\/\/www.alnaqelcon.mr\/fr\/wp-json\/wp\/v2\/types\/page"}],"author":[{"embeddable":true,"href":"https:\/\/www.alnaqelcon.mr\/fr\/wp-json\/wp\/v2\/users\/1"}],"replies":[{"embeddable":true,"href":"https:\/\/www.alnaqelcon.mr\/fr\/wp-json\/wp\/v2\/comments?post=5915"}],"version-history":[{"count":15,"href":"https:\/\/www.alnaqelcon.mr\/fr\/wp-json\/wp\/v2\/pages\/5915\/revisions"}],"predecessor-version":[{"id":7451,"href":"https:\/\/www.alnaqelcon.mr\/fr\/wp-json\/wp\/v2\/pages\/5915\/revisions\/7451"}],"wp:attachment":[{"href":"https:\/\/www.alnaqelcon.mr\/fr\/wp-json\/wp\/v2\/media?parent=5915"}],"curies":[{"name":"wp","href":"https:\/\/api.w.org\/{rel}","templated":true}]}}