{"id":5471,"date":"2022-03-22T18:29:42","date_gmt":"2022-03-22T18:29:42","guid":{"rendered":"https:\/\/erection.unicoderbd.com\/dark\/?page_id=5471"},"modified":"2022-11-10T18:05:07","modified_gmt":"2022-11-10T18:05:07","slug":"services","status":"publish","type":"page","link":"https:\/\/www.alnaqelcon.mr\/fr\/services\/","title":{"rendered":"Services"},"content":{"rendered":"<div class=\"vc_row wpb_row vc_row-fluid vc_custom_1650741013842\"><div class=\"wpb_column vc_column_container vc_col-sm-12\"><div class=\"vc_column-inner\"><div class=\"wpb_wrapper\"> \n<div class=\"row row-cols-1 custom row g-4 row-cols-xxl-3 row-cols-xl-3 row-cols-lg-3 row-cols-md-2 row-cols-sm-1 row-cols-1\">\n\t\t\t<div class=\"col\">\n\t\t\t<div class=\"entry-wrapper d-flex flex-column bg-secondary hover-bg-primary text-general hover-text-dark  vc_custom_1650755249591\">\n\t\t\t\t<div class=\"entry-thumbnail-wrapper\">\n\t\t\t\t\t\t\t\t\t\t<div id=\"icon-98116\" class=\"icon-font position-relative transition-all flex-shrink-0 mb-20\">\n\t\t\t\t\t\t\t\t\t\t\t\t\t<i class=\"flaticon-sketch flat-45 text-primary\"><\/i>\n\t\t\t\t\t\t\t\t\t\t\t<\/div>\n\t\t\t\t\t\t\t\t\t\t\t\t\t\t<\/div>\n\t\t\t\t<div class=\"entry-content-wrapper\">\n\t\t\t\t\t<div class=\"entry-header\">\n\t\t\t\t\t\t<h6 class=\"mb-3 entry-title\"><a href=\"https:\/\/www.alnaqelcon.mr\/fr\/service\/building-architect\/\" class=\"text-white text-uppercase\">Ing\u00e9nierie &amp; Design<\/a><\/h6>\t\t\t\t\t<\/div>\n\t\t\t\t\t\t\t\t\t\t<div class=\"entry-content\">\n\t\t\t\t\t\t<p>Les disciplines d'ing\u00e9nierie comprennent : le g\u00e9nie civil, l'\u00e9lectricit\u00e9, la m\u00e9canique, la tuyauterie et les structures.<\/p>\n\t\t\t\t\t<\/div>\n\t\t\t\t\t\t\t\t\t\t\t\t\t\t\t<div class=\"entry-footer\">\n\t\t\t\t\t\t<a href=\"https:\/\/www.alnaqelcon.mr\/fr\/service\/building-architect\/\" class=\"text-primary mt-20 d-table\">En savoir plus<\/a>\n\t\t\t\t\t<\/div>\n\t\t\t\t\t\t\t\t\t<\/div>\n\t\t\t<\/div>\n\t\t<\/div>\n\t\t\t<div class=\"col\">\n\t\t\t<div class=\"entry-wrapper d-flex flex-column bg-secondary hover-bg-primary text-general hover-text-dark  vc_custom_1650755249591\">\n\t\t\t\t<div class=\"entry-thumbnail-wrapper\">\n\t\t\t\t\t\t\t\t\t\t<div id=\"icon-98116\" class=\"icon-font position-relative transition-all flex-shrink-0 mb-20\">\n\t\t\t\t\t\t\t\t\t\t\t\t\t<i class=\"flaticon-conveyor flat-45 text-primary\"><\/i>\n\t\t\t\t\t\t\t\t\t\t\t<\/div>\n\t\t\t\t\t\t\t\t\t\t\t\t\t\t<\/div>\n\t\t\t\t<div class=\"entry-content-wrapper\">\n\t\t\t\t\t<div class=\"entry-header\">\n\t\t\t\t\t\t<h6 class=\"mb-3 entry-title\"><a href=\"https:\/\/www.alnaqelcon.mr\/fr\/service\/renovate-stricture\/\" class=\"text-white text-uppercase\">Travaux publics<\/a><\/h6>\t\t\t\t\t<\/div>\n\t\t\t\t\t\t\t\t\t\t<div class=\"entry-content\">\n\t\t\t\t\t\t<p>Votre service pour tous vos travaux courants de terrassement, travaux pr\u00e9paratoires, et \nl'assainissement<\/p>\n\t\t\t\t\t<\/div>\n\t\t\t\t\t\t\t\t\t\t\t\t\t\t\t<div class=\"entry-footer\">\n\t\t\t\t\t\t<a href=\"https:\/\/www.alnaqelcon.mr\/fr\/service\/renovate-stricture\/\" class=\"text-primary mt-20 d-table\">En savoir plus<\/a>\n\t\t\t\t\t<\/div>\n\t\t\t\t\t\t\t\t\t<\/div>\n\t\t\t<\/div>\n\t\t<\/div>\n\t\t\t<div class=\"col\">\n\t\t\t<div class=\"entry-wrapper d-flex flex-column bg-secondary hover-bg-primary text-general hover-text-dark  vc_custom_1650755249591\">\n\t\t\t\t<div class=\"entry-thumbnail-wrapper\">\n\t\t\t\t\t\t\t\t\t\t<div id=\"icon-98116\" class=\"icon-font position-relative transition-all flex-shrink-0 mb-20\">\n\t\t\t\t\t\t\t\t\t\t\t\t\t<i class=\"flaticon-hook flat-45 text-primary\"><\/i>\n\t\t\t\t\t\t\t\t\t\t\t<\/div>\n\t\t\t\t\t\t\t\t\t\t\t\t\t\t<\/div>\n\t\t\t\t<div class=\"entry-content-wrapper\">\n\t\t\t\t\t<div class=\"entry-header\">\n\t\t\t\t\t\t<h6 class=\"mb-3 entry-title\"><a href=\"https:\/\/www.alnaqelcon.mr\/fr\/service\/construction\/\" class=\"text-white text-uppercase\">Construction<\/a><\/h6>\t\t\t\t\t<\/div>\n\t\t\t\t\t\t\t\t\t\t<div class=\"entry-content\">\n\t\t\t\t\t\t<p>Nous proposons tous les types de construction, publics et priv\u00e9s, en projet et en ex\u00e9cution \ndans le monde entier<\/p>\n\t\t\t\t\t<\/div>\n\t\t\t\t\t\t\t\t\t\t\t\t\t\t\t<div class=\"entry-footer\">\n\t\t\t\t\t\t<a href=\"https:\/\/www.alnaqelcon.mr\/fr\/service\/construction\/\" class=\"text-primary mt-20 d-table\">En savoir plus<\/a>\n\t\t\t\t\t<\/div>\n\t\t\t\t\t\t\t\t\t<\/div>\n\t\t\t<\/div>\n\t\t<\/div>\n\t\t\t<div class=\"col\">\n\t\t\t<div class=\"entry-wrapper d-flex flex-column bg-secondary hover-bg-primary text-general hover-text-dark  vc_custom_1650755249591\">\n\t\t\t\t<div class=\"entry-thumbnail-wrapper\">\n\t\t\t\t\t\t\t\t\t\t<div id=\"icon-98116\" class=\"icon-font position-relative transition-all flex-shrink-0 mb-20\">\n\t\t\t\t\t\t\t\t\t\t\t\t\t<i class=\"flaticon-sketch-1 flat-45 text-primary\"><\/i>\n\t\t\t\t\t\t\t\t\t\t\t<\/div>\n\t\t\t\t\t\t\t\t\t\t\t\t\t\t<\/div>\n\t\t\t\t<div class=\"entry-content-wrapper\">\n\t\t\t\t\t<div class=\"entry-header\">\n\t\t\t\t\t\t<h6 class=\"mb-3 entry-title\"><a href=\"https:\/\/www.alnaqelcon.mr\/fr\/service\/planning\/\" class=\"text-white text-uppercase\">Maintenance<\/a><\/h6>\t\t\t\t\t<\/div>\n\t\t\t\t\t\t\t\t\t\t<div class=\"entry-content\">\n\t\t\t\t\t\t<p>Offre des avantages durables et comp\u00e9titifs aux clients, avec des outils de classe mondiale, \n\u00e9quipements, processus et expertise de classe mondiale.<\/p>\n\t\t\t\t\t<\/div>\n\t\t\t\t\t\t\t\t\t\t\t\t\t\t\t<div class=\"entry-footer\">\n\t\t\t\t\t\t<a href=\"https:\/\/www.alnaqelcon.mr\/fr\/service\/planning\/\" class=\"text-primary mt-20 d-table\">En savoir plus<\/a>\n\t\t\t\t\t<\/div>\n\t\t\t\t\t\t\t\t\t<\/div>\n\t\t\t<\/div>\n\t\t<\/div>\n\t\t\t<div class=\"col\">\n\t\t\t<div class=\"entry-wrapper d-flex flex-column bg-secondary hover-bg-primary text-general hover-text-dark  vc_custom_1650755249591\">\n\t\t\t\t<div class=\"entry-thumbnail-wrapper\">\n\t\t\t\t\t\t\t\t\t\t<div id=\"icon-98116\" class=\"icon-font position-relative transition-all flex-shrink-0 mb-20\">\n\t\t\t\t\t\t\t\t\t\t\t\t\t<i class=\"flaticon-helmet flat-45 text-primary\"><\/i>\n\t\t\t\t\t\t\t\t\t\t\t<\/div>\n\t\t\t\t\t\t\t\t\t\t\t\t\t\t<\/div>\n\t\t\t\t<div class=\"entry-content-wrapper\">\n\t\t\t\t\t<div class=\"entry-header\">\n\t\t\t\t\t\t<h6 class=\"mb-3 entry-title\"><a href=\"https:\/\/www.alnaqelcon.mr\/fr\/service\/landscape\/\" class=\"text-white text-uppercase\">Sous-traitance<\/a><\/h6>\t\t\t\t\t<\/div>\n\t\t\t\t\t\t\t\t\t\t<div class=\"entry-content\">\n\t\t\t\t\t\t<p>Offre ses services de sous-traitance pour l'ex\u00e9cution d'\u00e9tudes et de travaux dans \ntous les domaines de d\u00e9veloppement en Mauritanie<\/p>\n\t\t\t\t\t<\/div>\n\t\t\t\t\t\t\t\t\t\t\t\t\t\t\t<div class=\"entry-footer\">\n\t\t\t\t\t\t<a href=\"https:\/\/www.alnaqelcon.mr\/fr\/service\/landscape\/\" class=\"text-primary mt-20 d-table\">En savoir plus<\/a>\n\t\t\t\t\t<\/div>\n\t\t\t\t\t\t\t\t\t<\/div>\n\t\t\t<\/div>\n\t\t<\/div>\n\t\t\t<div class=\"col\">\n\t\t\t<div class=\"entry-wrapper d-flex flex-column bg-secondary hover-bg-primary text-general hover-text-dark  vc_custom_1650755249591\">\n\t\t\t\t<div class=\"entry-thumbnail-wrapper\">\n\t\t\t\t\t\t\t\t\t\t<div id=\"icon-98116\" class=\"icon-font position-relative transition-all flex-shrink-0 mb-20\">\n\t\t\t\t\t\t\t\t\t\t\t\t\t<img decoding=\"async\" src=\"https:\/\/www.alnaqelcon.mr\/wp-content\/uploads\/2022\/04\/46-45.png\" alt=\"\">\n\t\t\t\t\t\t\t\t\t\t\t<\/div>\n\t\t\t\t\t\t\t\t\t\t\t\t\t\t<\/div>\n\t\t\t\t<div class=\"entry-content-wrapper\">\n\t\t\t\t\t<div class=\"entry-header\">\n\t\t\t\t\t\t<h6 class=\"mb-3 entry-title\"><a href=\"https:\/\/www.alnaqelcon.mr\/fr\/service\/supplying-gravier\/\" class=\"text-white text-uppercase\">Fourniture de Gravier<\/a><\/h6>\t\t\t\t\t<\/div>\n\t\t\t\t\t\t\t\t\t\t<div class=\"entry-content\">\n\t\t\t\t\t\t<p>Forte de ses ann\u00e9es d'exp\u00e9rience dans la fourniture de mat\u00e9riaux, notre \u00e9quipe d\u00e9vou\u00e9e est en mesure d'offrir des solutions illimit\u00e9es et un approvisionnement sans fin en mat\u00e9riaux pour votre projet avec facilit\u00e9.<\/p>\n\t\t\t\t\t<\/div>\n\t\t\t\t\t\t\t\t\t\t\t\t\t\t\t<div class=\"entry-footer\">\n\t\t\t\t\t\t<a href=\"https:\/\/www.alnaqelcon.mr\/fr\/service\/supplying-gravier\/\" class=\"text-primary mt-20 d-table\">En savoir plus<\/a>\n\t\t\t\t\t<\/div>\n\t\t\t\t\t\t\t\t\t<\/div>\n\t\t\t<\/div>\n\t\t<\/div>\n\t<\/div><\/div><\/div><\/div><\/div><div data-vc-full-width=\"true\" data-vc-full-width-init=\"false\" class=\"vc_row wpb_row vc_row-fluid vc_custom_1668103504653 vc_row-has-fill bg-center-bottom\"><div class=\"wpb_column vc_column_container vc_col-sm-12\"><div class=\"vc_column-inner\"><div class=\"wpb_wrapper\"><div class=\"vc_row wpb_row vc_inner vc_row-fluid\"><div class=\"wpb_column vc_column_container vc_col-sm-6 vc_col-lg-4 vc_col-md-5 bg-white\"><div class=\"vc_column-inner vc_custom_1648100646327\"><div class=\"wpb_wrapper\"> <div class=\"row\">\n\t<div class=\"col-lg-12\">\n<h5 class=\"text-dark mb-30\">Demande de rappel <\/h5>\t<\/div>\n<\/div>\n\n<div class=\"wpcf7 no-js\" id=\"wpcf7-f5933-o1\" lang=\"en-US\" dir=\"ltr\" data-wpcf7-id=\"5933\">\n<div class=\"screen-reader-response\"><p role=\"status\" aria-live=\"polite\" aria-atomic=\"true\"><\/p> <ul><\/ul><\/div>\n<form action=\"\/fr\/wp-json\/wp\/v2\/pages\/5471#wpcf7-f5933-o1\" method=\"post\" class=\"wpcf7-form init\" aria-label=\"Contact form\" novalidate=\"novalidate\" data-status=\"init\" data-trp-original-action=\"\/fr\/wp-json\/wp\/v2\/pages\/5471#wpcf7-f5933-o1\">\n<fieldset class=\"hidden-fields-container\"><input type=\"hidden\" name=\"_wpcf7\" value=\"5933\" \/><input type=\"hidden\" name=\"_wpcf7_version\" value=\"6.1.5\" \/><input type=\"hidden\" name=\"_wpcf7_locale\" value=\"en_US\" \/><input type=\"hidden\" name=\"_wpcf7_unit_tag\" value=\"wpcf7-f5933-o1\" \/><input type=\"hidden\" name=\"_wpcf7_container_post\" value=\"0\" \/><input type=\"hidden\" name=\"_wpcf7_posted_data_hash\" value=\"\" \/>\n<\/fieldset>\n<div class=\"row\">\n\t<div class=\"col-12\">\n\t\t<p><span class=\"wpcf7-form-control-wrap\" data-name=\"full-name\"><input size=\"40\" maxlength=\"400\" class=\"wpcf7-form-control wpcf7-text wpcf7-validates-as-required my-2 form-control bg-white rounded-0\" id=\"full-name\" aria-required=\"true\" aria-invalid=\"false\" placeholder=\"Nom\" value=\"\" type=\"text\" name=\"full-name\" \/><\/span>\n\t\t<\/p>\n\t<\/div>\n\t<div class=\"col-12\">\n\t\t<p><span class=\"wpcf7-form-control-wrap\" data-name=\"phone-number\"><input class=\"wpcf7-form-control wpcf7-number wpcf7-validates-as-required wpcf7-validates-as-number my-2 form-control bg-white rounded-0\" id=\"phone-number\" aria-required=\"true\" aria-invalid=\"false\" placeholder=\"N\u00b0 de t\u00e9l\u00e9phone\" value=\"\" type=\"number\" name=\"phone-number\" \/><\/span>\n\t\t<\/p>\n\t<\/div>\n\t<div class=\"col-12\">\n\t\t<p><span class=\"wpcf7-form-control-wrap\" data-name=\"menu-839\"><select class=\"wpcf7-form-control wpcf7-select wpcf7-validates-as-required my-2 form-control bg-white rounded-0\" aria-required=\"true\" aria-invalid=\"false\" name=\"menu-839\"><option value=\"Select Option\">S\u00e9lectionner l'option<\/option><option value=\"Option One\">Option One<\/option><option value=\"Option Two\">Option Two<\/option><option value=\"Option Three\">Option Three<\/option><\/select><\/span>\n\t\t<\/p>\n\t<\/div>\n\t<div class=\"col-12\">\n\t\t<p><input class=\"wpcf7-form-control wpcf7-submit has-spinner btn btn-primary-filter text-dark rounded-0 my-2 w-100 text-uppercase fs-16\" type=\"submit\" value=\"Envoyez votre message\" \/>\n\t\t<\/p>\n\t<\/div>\n<\/div><div class=\"wpcf7-response-output\" aria-hidden=\"true\"><\/div>\n<input type=\"hidden\" name=\"trp-form-language\" value=\"fr\"\/><\/form>\n<\/div>\n<\/div><\/div><\/div><div class=\"wpb_column vc_column_container vc_col-sm-6 vc_col-lg-8 vc_col-md-7 full-wrapper-height column-align-center\"><div class=\"vc_column-inner\"><div class=\"wpb_wrapper\">\n<div class=\"simple-video-play d-flex xy-center position-absolute\">\n\t<div class=\"position-relative d-inline-block\">\n\t\t<a data-fancybox=\"\" href=\"https:\/\/www.youtube.com\/watch?v=1sNALoWnQDo\" class=\"rounded-circle position-relative bg-primary\" style=\"z-index: 10\">\n\t\t\t<i class=\"flaticon-play-button position-relative xy-center rounded-circle bg-primary text-dark flat-medium\"><\/i>\n\t\t<\/a>\n\t\t<div class=\"loader position-absolute xy-center\">\n\t\t\t<div class=\"loader-inner ball-scale-multiple\">\n\t\t\t\t<div class=\"bg-primary\"><\/div>\n\t\t\t\t<div class=\"bg-primary\"><\/div>\n\t\t\t<\/div>\n\t\t\t<span class=\"tooltip\">\n\t\t\t  <b>ball-scale-multiple<\/b>\n\t\t\t<\/span>\n\t\t<\/div>\n\t<\/div>\n\t<\/div>\n<\/div><\/div><\/div><\/div><\/div><\/div><\/div><\/div><div class=\"vc_row-full-width vc_clearfix\"><\/div>","protected":false},"excerpt":{"rendered":"","protected":false},"author":1,"featured_media":0,"parent":0,"menu_order":0,"comment_status":"closed","ping_status":"closed","template":"","meta":{"footnotes":""},"class_list":["post-5471","page","type-page","status-publish","hentry"],"_links":{"self":[{"href":"https:\/\/www.alnaqelcon.mr\/fr\/wp-json\/wp\/v2\/pages\/5471","targetHints":{"allow":["GET"]}}],"collection":[{"href":"https:\/\/www.alnaqelcon.mr\/fr\/wp-json\/wp\/v2\/pages"}],"about":[{"href":"https:\/\/www.alnaqelcon.mr\/fr\/wp-json\/wp\/v2\/types\/page"}],"author":[{"embeddable":true,"href":"https:\/\/www.alnaqelcon.mr\/fr\/wp-json\/wp\/v2\/users\/1"}],"replies":[{"embeddable":true,"href":"https:\/\/www.alnaqelcon.mr\/fr\/wp-json\/wp\/v2\/comments?post=5471"}],"version-history":[{"count":15,"href":"https:\/\/www.alnaqelcon.mr\/fr\/wp-json\/wp\/v2\/pages\/5471\/revisions"}],"predecessor-version":[{"id":7464,"href":"https:\/\/www.alnaqelcon.mr\/fr\/wp-json\/wp\/v2\/pages\/5471\/revisions\/7464"}],"wp:attachment":[{"href":"https:\/\/www.alnaqelcon.mr\/fr\/wp-json\/wp\/v2\/media?parent=5471"}],"curies":[{"name":"wp","href":"https:\/\/api.w.org\/{rel}","templated":true}]}}