{"id":5469,"date":"2022-03-22T18:29:07","date_gmt":"2022-03-22T18:29:07","guid":{"rendered":"https:\/\/erection.unicoderbd.com\/dark\/?page_id=5469"},"modified":"2022-10-22T12:56:25","modified_gmt":"2022-10-22T12:56:25","slug":"about","status":"publish","type":"page","link":"https:\/\/www.alnaqelcon.mr\/fr\/about\/","title":{"rendered":"\u00c0 propos"},"content":{"rendered":"<div class=\"vc_row wpb_row vc_row-fluid vc_custom_1648275899493\"><div class=\"wpb_column vc_column_container vc_col-sm-12\"><div class=\"vc_column-inner\"><div class=\"wpb_wrapper\">\n\n<div class=\"thumb-style-10\" >\t<div class=\"entry-wrapper\">\n\t\t<div class=\"entry-thumbnail-wrapper\">\n\t\t\t\t\t\t\t\t\t<div class=\"post-thumbnail overflow-hidden transition-all\">\n                <img decoding=\"async\" src=\"https:\/\/www.alnaqelcon.mr\/wp-content\/uploads\/2022\/10\/ABOUT.jpg\" alt=\"\">\n            <\/div>\n            \t\t<\/div>\n\t\t<div class=\"entry-content-wrapper\">\n\t\t\t<div class=\"entry-header\">\n\t\t\t\t\t\t\t\t\t<div class=\"tagline font-fifteen mb-1 text-primary\"><span>Pr\u00e9sentation<\/span><\/div>\n\t\t\t\t\t\t\t\t\t\t\t\t\t\t\t\t\t\t\t<\/div>\n\t\t\t<div class=\"entry-content\">\n\t\t\t\t<p>Al Naqel  est une entreprise sp\u00e9cialis\u00e9e dans la construction en  Mauritanie. Orient\u00e9e vers l'innovation et la qualit\u00e9 de ses prestations, elle cumule une  expertise m\u00e9tier qui touche aux diff\u00e9rents secteurs sur tout le territoire mauritanien.<\/p>\n<p>AL Naqel construit un monde meilleur en appliquant une expertise de classe  mondiale pour r\u00e9soudre les plus grands d\u00e9fis de ses clients. AL Naqel fournit des  solutions professionnelles et techniques qui permettent de r\u00e9aliser des projets s\u00fbrs, \nbien ex\u00e9cut\u00e9s et rentables pour ses clients dans le monde entier.<\/p>\n<p>AL Naqel dispose aujourd'hui des comp\u00e9tences et des mat\u00e9riaux n\u00e9cessaires pour  lancer de grands projets de construction dans le domaine public<\/p>\n\t\t\t<\/div>\n\t\t\t<div class=\"entry-footer\">\n\t\t\t\t\t\t\t<\/div>\n\t\t<\/div>\n\t<\/div>\n<\/div><\/div><\/div><\/div><\/div>","protected":false},"excerpt":{"rendered":"Presentation Al Naqel contracting company is a company specialized in construction in Mauritania. Oriented towards innovation and the quality of its services, it accumulates an expertise in various sectors throughout the Mauritanian territory AL Naqel builds a better world by applying world\u2011class expertise to solve its clients' greatest challenges. Al Naqel provide professional and technical [...]","protected":false},"author":1,"featured_media":0,"parent":0,"menu_order":0,"comment_status":"closed","ping_status":"closed","template":"","meta":{"footnotes":""},"class_list":["post-5469","page","type-page","status-publish","hentry"],"_links":{"self":[{"href":"https:\/\/www.alnaqelcon.mr\/fr\/wp-json\/wp\/v2\/pages\/5469","targetHints":{"allow":["GET"]}}],"collection":[{"href":"https:\/\/www.alnaqelcon.mr\/fr\/wp-json\/wp\/v2\/pages"}],"about":[{"href":"https:\/\/www.alnaqelcon.mr\/fr\/wp-json\/wp\/v2\/types\/page"}],"author":[{"embeddable":true,"href":"https:\/\/www.alnaqelcon.mr\/fr\/wp-json\/wp\/v2\/users\/1"}],"replies":[{"embeddable":true,"href":"https:\/\/www.alnaqelcon.mr\/fr\/wp-json\/wp\/v2\/comments?post=5469"}],"version-history":[{"count":15,"href":"https:\/\/www.alnaqelcon.mr\/fr\/wp-json\/wp\/v2\/pages\/5469\/revisions"}],"predecessor-version":[{"id":6516,"href":"https:\/\/www.alnaqelcon.mr\/fr\/wp-json\/wp\/v2\/pages\/5469\/revisions\/6516"}],"wp:attachment":[{"href":"https:\/\/www.alnaqelcon.mr\/fr\/wp-json\/wp\/v2\/media?parent=5469"}],"curies":[{"name":"wp","href":"https:\/\/api.w.org\/{rel}","templated":true}]}}